{"id":82,"date":"2007-03-24T00:11:37","date_gmt":"2007-03-23T22:11:37","guid":{"rendered":"https:\/\/foton.no-ip.com\/BLOG\/?page_id=82"},"modified":"2008-07-25T21:49:31","modified_gmt":"2008-07-25T19:49:31","slug":"engineering","status":"publish","type":"page","link":"https:\/\/foton.szikraistvan.hu\/blog\/?page_id=82","title":{"rendered":"Engineering"},"content":{"rendered":"<p>I do some Schematic and PCB design: mostly micro controller based systems sometimes analog circuits.<br \/>\nThere is a lot of interface handling involved Infra (remote controllers), RS232\/422, parallel, USB, RF&#8230; (these are only the physical layers there are a lot more protocols)<br \/>\nThese things are a bit harder to do than cooding not because it&#8217;s more difficult, but you need more then just a PC to do it&#8230; (you cannot just download an IC or resistor)<\/p>\n<p>There are some good pages on the net. There&#8217;s a lot of info on simple and even on complicate circuits. There are some subjects that are hard to find information about. (this doesn&#8217;t sound right)<br \/>\nVan n\u00e9h\u00e1ny t\u00e9mak\u00f6r, amir\u0151l nehezedd inform\u00e1ci\u00f3kat tal\u00e1lni, legal\u00e1bbis j\u00f3 le\u00edr\u00e1sokat. P\u00e9ld\u00e1ul digit\u00e1lis jelfeldolgoz\u00e1sr\u00f3l sokkal kevesebb sz\u00f3 esik, sokkal kevesebben \u00e9rtenek hozz\u00e1 igaz\u00e1n.<\/p>\n<p>Here are a few links I found useful:<br \/>\n<a href=\"http:\/\/www.beyondlogic.org\/\">beyondlogic.org<\/a><br \/>\n<a href=\"http:\/\/www.avrfreaks.net\/\">avrfreaks.net\/<\/a><br \/>\nSome Manufacturers:<br \/>\n<a href=\"http:\/\/atmel.com\/\">Atmel<\/a>, <a href=\"http:\/\/www.ti.com\/\">Texas<\/a>, <a href=\"http:\/\/www.maxim-ic.com\/\">Maxim<\/a>, <a href=\"http:\/\/ftdichip.com\/\">FTDI<\/a>,<br \/>\n<a href=\"http:\/\/www.cypress.com\/\">Cypress<\/a>, <a href=\"http:\/\/www.analog.com\/\">Analog Devices<\/a>, <a href=\"http:\/\/www.hebeiltd.com.cn\/\">HB<\/a> &#8230;<br \/>\nI wont list all of them, mostly because i could not, but if you want something like that than I <a href=\"http:\/\/www.google.co.uk\/search?hl=en&#038;q=semiconductor+manufacturers&#038;meta=\">Googled &#8220;semiconductor manufacturers&#8221;<\/a> and the <a href=\"http:\/\/www.itl.co.uk\/HomePages\/PaulReynolds\/semi.htm\">first hit<\/a> seems good.<\/p>\n<p>Sometimes it&#8217;s hard to find good if any datasheets for your components.<br \/>\n Well google is still your friend, but here is some links worth mentioning.<br \/>\n<a href=\"http:\/\/www.alldatasheet.com\/\">alldatasheet<\/a><br \/>\n<a href=\"http:\/\/www.datasheetcatalog.com\/\">datasheetcatalog<\/a><br \/>\n<a href=\"http:\/\/www.epcos.com\/web\/generator\/Web\/Sections\/ProductCatalog\/Ferrites\/Page,templateId=render,locale=en.html\">epcos ferrite catalog<\/a><br \/>\nYou can of course look for datasheets at the manufacturer and also at stores:<br \/>\n<a href=\"http:\/\/www.farnell.co.uk\">Farnell<\/a><br \/>\n<a href=\"http:\/\/www.lomex.hu\/\">Lomex (HU)<\/a><br \/>\n<a href=\"http:\/\/www.soselectronic.hu\/\">SOS (HU)<\/a><br \/>\n<a href=\"http:\/\/www.retelektronika.hu\">RET (HU)<\/a><\/p>\n<p>Good Development for everyone!<\/p>\n","protected":false},"excerpt":{"rendered":"<p>I do some Schematic and PCB design: mostly micro controller based systems sometimes analog circuits. There is a lot of interface handling involved Infra (remote controllers), RS232\/422, parallel, USB, RF&#8230; (these are only the physical layers there are a lot &hellip; <a href=\"https:\/\/foton.szikraistvan.hu\/blog\/?page_id=82\">Continue reading <span class=\"meta-nav\">&rarr;<\/span><\/a><\/p>\n","protected":false},"author":1,"featured_media":0,"parent":155,"menu_order":2,"comment_status":"open","ping_status":"open","template":"","meta":{"jetpack_post_was_ever_published":false,"footnotes":""},"class_list":["post-82","page","type-page","status-publish","hentry"],"jetpack_shortlink":"https:\/\/wp.me\/P3E7AZ-1k","jetpack_sharing_enabled":true,"_links":{"self":[{"href":"https:\/\/foton.szikraistvan.hu\/blog\/index.php?rest_route=\/wp\/v2\/pages\/82","targetHints":{"allow":["GET"]}}],"collection":[{"href":"https:\/\/foton.szikraistvan.hu\/blog\/index.php?rest_route=\/wp\/v2\/pages"}],"about":[{"href":"https:\/\/foton.szikraistvan.hu\/blog\/index.php?rest_route=\/wp\/v2\/types\/page"}],"author":[{"embeddable":true,"href":"https:\/\/foton.szikraistvan.hu\/blog\/index.php?rest_route=\/wp\/v2\/users\/1"}],"replies":[{"embeddable":true,"href":"https:\/\/foton.szikraistvan.hu\/blog\/index.php?rest_route=%2Fwp%2Fv2%2Fcomments&post=82"}],"version-history":[{"count":6,"href":"https:\/\/foton.szikraistvan.hu\/blog\/index.php?rest_route=\/wp\/v2\/pages\/82\/revisions"}],"predecessor-version":[{"id":170,"href":"https:\/\/foton.szikraistvan.hu\/blog\/index.php?rest_route=\/wp\/v2\/pages\/82\/revisions\/170"}],"up":[{"embeddable":true,"href":"https:\/\/foton.szikraistvan.hu\/blog\/index.php?rest_route=\/wp\/v2\/pages\/155"}],"wp:attachment":[{"href":"https:\/\/foton.szikraistvan.hu\/blog\/index.php?rest_route=%2Fwp%2Fv2%2Fmedia&parent=82"}],"curies":[{"name":"wp","href":"https:\/\/api.w.org\/{rel}","templated":true}]}}