{"id":81,"date":"2007-03-24T00:10:14","date_gmt":"2007-03-23T22:10:14","guid":{"rendered":"https:\/\/foton.no-ip.com\/BLOG\/?page_id=81"},"modified":"2009-08-30T13:48:35","modified_gmt":"2009-08-30T11:48:35","slug":"cooding","status":"publish","type":"page","link":"https:\/\/foton.szikraistvan.hu\/blog\/?page_id=81","title":{"rendered":"Cooding"},"content":{"rendered":"<p>I love writing computer programs. It started with BASIC on Commodore 64 and I used a lot of programming languages since: Assembly, basic\/Visual Basic, C, C#, clipper, Pascal\/Delphi, Java\/JavaScript, php, perl&#8230;<\/p>\n<p>I don&#8217;t have a lot of time to manage this page, and frankly I don&#8217;t have much idea what to put here.<br \/>\nWriting programs in any language is something that you can find a lot of information on the Internet about<br \/>\nhuh, this must not be right, it sounds weird, what i wanted to say:<\/p>\n<hr \/>\n<p>A programoz\u00e1s (b\u00e1rmilyen programoz\u00e1si nyelvr\u0151l is legyen sz\u00f3) az pont olyan dolog amir\u0151l rengeteget lehet olvasni az Interneten, csak a Google-t kell haszn\u00e1lni. \u00cdgy feleslegesnek t\u0171nik ezzel a t\u00e1m\u00e1val kapcsolatban b\u00e1rmit is \u00edrni, \u00fagyis van b\u0151ven.<br \/>\nVannak ter\u00fcletek amir\u0151l keveseb inform\u00e1ci\u00f3t lehet tal\u00e1lni, ilyen tal\u00e1n a hardverk\u00f6zeli, perif\u00e9ria programoz\u00e1s, optim\u00e1lis k\u00f3d \u00edt\u00e1sa, jelfeldolgoz\u00e1s&#8230;<\/p>\n<hr \/>\n<p><a href=\"?cat=32\">My Cooding Posts here<\/a><\/p>\n<hr \/>\n<p>(not so) Recent projects:<br \/>\n3 point, N point toutch screen calibration<\/p>\n<p><a href=\"http:\/\/stopsoftwarepatents.eu\/001000318668\/\"><img data-recalc-dims=\"1\" decoding=\"async\" src=\"https:\/\/i0.wp.com\/stopsoftwarepatents.eu\/banner\/211000297544\/ssp-468-96.gif?w=584\" border=\"0\"\/><\/a><br \/>\n<a href=\"http:\/\/stopsoftwarepatents.org\/\"><img data-recalc-dims=\"1\" decoding=\"async\" src=\"https:\/\/i0.wp.com\/stopsoftwarepatents.wdfiles.com\/local--files\/banners\/webbanner_standard.png?w=584\" border=\"0\"\/><\/a><\/p>\n","protected":false},"excerpt":{"rendered":"<p>I love writing computer programs. It started with BASIC on Commodore 64 and I used a lot of programming languages since: Assembly, basic\/Visual Basic, C, C#, clipper, Pascal\/Delphi, Java\/JavaScript, php, perl&#8230; I don&#8217;t have a lot of time to manage &hellip; <a href=\"https:\/\/foton.szikraistvan.hu\/blog\/?page_id=81\">Continue reading <span class=\"meta-nav\">&rarr;<\/span><\/a><\/p>\n","protected":false},"author":1,"featured_media":0,"parent":155,"menu_order":1,"comment_status":"open","ping_status":"open","template":"","meta":{"jetpack_post_was_ever_published":false,"footnotes":""},"class_list":["post-81","page","type-page","status-publish","hentry"],"jetpack_shortlink":"https:\/\/wp.me\/P3E7AZ-1j","jetpack_sharing_enabled":true,"_links":{"self":[{"href":"https:\/\/foton.szikraistvan.hu\/blog\/index.php?rest_route=\/wp\/v2\/pages\/81","targetHints":{"allow":["GET"]}}],"collection":[{"href":"https:\/\/foton.szikraistvan.hu\/blog\/index.php?rest_route=\/wp\/v2\/pages"}],"about":[{"href":"https:\/\/foton.szikraistvan.hu\/blog\/index.php?rest_route=\/wp\/v2\/types\/page"}],"author":[{"embeddable":true,"href":"https:\/\/foton.szikraistvan.hu\/blog\/index.php?rest_route=\/wp\/v2\/users\/1"}],"replies":[{"embeddable":true,"href":"https:\/\/foton.szikraistvan.hu\/blog\/index.php?rest_route=%2Fwp%2Fv2%2Fcomments&post=81"}],"version-history":[{"count":7,"href":"https:\/\/foton.szikraistvan.hu\/blog\/index.php?rest_route=\/wp\/v2\/pages\/81\/revisions"}],"predecessor-version":[{"id":161,"href":"https:\/\/foton.szikraistvan.hu\/blog\/index.php?rest_route=\/wp\/v2\/pages\/81\/revisions\/161"}],"up":[{"embeddable":true,"href":"https:\/\/foton.szikraistvan.hu\/blog\/index.php?rest_route=\/wp\/v2\/pages\/155"}],"wp:attachment":[{"href":"https:\/\/foton.szikraistvan.hu\/blog\/index.php?rest_route=%2Fwp%2Fv2%2Fmedia&parent=81"}],"curies":[{"name":"wp","href":"https:\/\/api.w.org\/{rel}","templated":true}]}}